{"id":35,"date":"2022-11-30T04:03:53","date_gmt":"2022-11-30T03:03:53","guid":{"rendered":"http:\/\/v2.skintegrite.com\/?page_id=35"},"modified":"2023-03-21T08:20:15","modified_gmt":"2023-03-21T07:20:15","slug":"hair-de","status":"publish","type":"page","link":"https:\/\/skintegrite.com\/de\/hair-de\/","title":{"rendered":"HAIR de"},"content":{"rendered":"\t\t<div data-elementor-type=\"wp-page\" data-elementor-id=\"35\" class=\"elementor elementor-35\">\n\t\t\t\t\t\t\t\t\t<section class=\"elementor-section elementor-top-section elementor-element elementor-element-ad31082 elementor-section-boxed elementor-section-height-default elementor-section-height-default\" data-id=\"ad31082\" data-element_type=\"section\" data-settings=\"{&quot;background_background&quot;:&quot;classic&quot;,&quot;jet_parallax_layout_list&quot;:[]}\">\n\t\t\t\t\t\t<div class=\"elementor-container elementor-column-gap-no\">\n\t\t\t\t\t<div class=\"elementor-column elementor-col-100 elementor-top-column elementor-element elementor-element-4162a54\" data-id=\"4162a54\" data-element_type=\"column\">\n\t\t\t<div class=\"elementor-widget-wrap elementor-element-populated\">\n\t\t\t\t\t\t\t\t<div class=\"elementor-element elementor-element-7bf264d elementor-widget elementor-widget-heading\" data-id=\"7bf264d\" data-element_type=\"widget\" data-widget_type=\"heading.default\">\n\t\t\t\t<div class=\"elementor-widget-container\">\n\t\t\t<style>\/*! elementor - v3.12.1 - 02-04-2023 *\/\n.elementor-heading-title{padding:0;margin:0;line-height:1}.elementor-widget-heading .elementor-heading-title[class*=elementor-size-]>a{color:inherit;font-size:inherit;line-height:inherit}.elementor-widget-heading .elementor-heading-title.elementor-size-small{font-size:15px}.elementor-widget-heading .elementor-heading-title.elementor-size-medium{font-size:19px}.elementor-widget-heading .elementor-heading-title.elementor-size-large{font-size:29px}.elementor-widget-heading .elementor-heading-title.elementor-size-xl{font-size:39px}.elementor-widget-heading .elementor-heading-title.elementor-size-xxl{font-size:59px}<\/style><h1 class=\"elementor-heading-title elementor-size-default\">HAIR<\/h1>\t\t<\/div>\n\t\t\t\t<\/div>\n\t\t\t\t\t<\/div>\n\t\t<\/div>\n\t\t\t\t\t\t\t<\/div>\n\t\t<\/section>\n\t\t\t\t<section class=\"elementor-section elementor-top-section elementor-element elementor-element-ed2d2c1 elementor-section-boxed elementor-section-height-default elementor-section-height-default\" data-id=\"ed2d2c1\" data-element_type=\"section\" data-settings=\"{&quot;background_background&quot;:&quot;classic&quot;,&quot;jet_parallax_layout_list&quot;:[]}\">\n\t\t\t\t\t\t\t<div class=\"elementor-background-overlay\"><\/div>\n\t\t\t\t\t\t\t<div class=\"elementor-container elementor-column-gap-no\">\n\t\t\t\t\t<div class=\"elementor-column elementor-col-100 elementor-top-column elementor-element elementor-element-2490651\" data-id=\"2490651\" data-element_type=\"column\">\n\t\t\t<div class=\"elementor-widget-wrap elementor-element-populated\">\n\t\t\t\t\t\t\t\t<section class=\"elementor-section elementor-inner-section elementor-element elementor-element-8440bf0 elementor-reverse-mobile elementor-section-boxed elementor-section-height-default elementor-section-height-default\" data-id=\"8440bf0\" data-element_type=\"section\" data-settings=\"{&quot;jet_parallax_layout_list&quot;:[]}\">\n\t\t\t\t\t\t<div class=\"elementor-container elementor-column-gap-no\">\n\t\t\t\t\t<div class=\"elementor-column elementor-col-50 elementor-inner-column elementor-element elementor-element-6673e21\" data-id=\"6673e21\" data-element_type=\"column\">\n\t\t\t<div class=\"elementor-widget-wrap elementor-element-populated\">\n\t\t\t\t\t\t\t\t<div class=\"elementor-element elementor-element-7597343 elementor-widget elementor-widget-image\" data-id=\"7597343\" data-element_type=\"widget\" data-widget_type=\"image.default\">\n\t\t\t\t<div class=\"elementor-widget-container\">\n\t\t\t<style>\/*! elementor - v3.12.1 - 02-04-2023 *\/\n.elementor-widget-image{text-align:center}.elementor-widget-image a{display:inline-block}.elementor-widget-image a img[src$=\".svg\"]{width:48px}.elementor-widget-image img{vertical-align:middle;display:inline-block}<\/style>\t\t\t\t\t\t\t\t\t\t\t\t<img loading=\"lazy\" decoding=\"async\" width=\"556\" height=\"117\" src=\"https:\/\/skintegrite.com\/de\/wp-content\/uploads\/logo-dark2.png\" class=\"attachment-medium_large size-medium_large wp-image-112\" alt=\"\" srcset=\"https:\/\/skintegrite.com\/de\/wp-content\/uploads\/logo-dark2.png 556w, https:\/\/skintegrite.com\/de\/wp-content\/uploads\/logo-dark2-300x63.png 300w\" sizes=\"auto, (max-width: 556px) 100vw, 556px\" \/>\t\t\t\t\t\t\t\t\t\t\t\t\t\t\t<\/div>\n\t\t\t\t<\/div>\n\t\t\t\t<div class=\"elementor-element elementor-element-4dddc63 elementor-widget elementor-widget-heading\" data-id=\"4dddc63\" data-element_type=\"widget\" data-widget_type=\"heading.default\">\n\t\t\t\t<div class=\"elementor-widget-container\">\n\t\t\t<h1 class=\"elementor-heading-title elementor-size-default\">HAIR<br>\n<div class=\"h1x\">SERUM<\/div><\/h1>\t\t<\/div>\n\t\t\t\t<\/div>\n\t\t\t\t<div class=\"elementor-element elementor-element-ac5f01d elementor-widget elementor-widget-heading\" data-id=\"ac5f01d\" data-element_type=\"widget\" data-widget_type=\"heading.default\">\n\t\t\t\t<div class=\"elementor-widget-container\">\n\t\t\t<h2 class=\"elementor-heading-title elementor-size-default\">EYELASH &<\/h2>\t\t<\/div>\n\t\t\t\t<\/div>\n\t\t\t\t<div class=\"elementor-element elementor-element-e3cadbb elementor-widget elementor-widget-heading\" data-id=\"e3cadbb\" data-element_type=\"widget\" data-widget_type=\"heading.default\">\n\t\t\t\t<div class=\"elementor-widget-container\">\n\t\t\t<h3 class=\"elementor-heading-title elementor-size-default\">BROW TONIC<\/h3>\t\t<\/div>\n\t\t\t\t<\/div>\n\t\t\t\t<div class=\"elementor-element elementor-element-b931159 elementor-widget elementor-widget-text-editor\" data-id=\"b931159\" data-element_type=\"widget\" data-widget_type=\"text-editor.default\">\n\t\t\t\t<div class=\"elementor-widget-container\">\n\t\t\t<style>\/*! elementor - v3.12.1 - 02-04-2023 *\/\n.elementor-widget-text-editor.elementor-drop-cap-view-stacked .elementor-drop-cap{background-color:#69727d;color:#fff}.elementor-widget-text-editor.elementor-drop-cap-view-framed .elementor-drop-cap{color:#69727d;border:3px solid;background-color:transparent}.elementor-widget-text-editor:not(.elementor-drop-cap-view-default) .elementor-drop-cap{margin-top:8px}.elementor-widget-text-editor:not(.elementor-drop-cap-view-default) .elementor-drop-cap-letter{width:1em;height:1em}.elementor-widget-text-editor .elementor-drop-cap{float:left;text-align:center;line-height:1;font-size:50px}.elementor-widget-text-editor .elementor-drop-cap-letter{display:inline-block}<\/style>\t\t\t\t<p>Ist ein sehr wirkungsvolles Produkt, welches das Wachstum von Wimpern und Augenbrauen f\u00f6rdert. Es verleiht den Augenwimpern und Brauen St\u00e4rke, L\u00e4nge und Volumen.<\/p><p>Das Serum ist Prostaglandinfrei, Hormonfrei, Parabenfrei und nicht reizend.<\/p><p>Nach wenigen Wochen der Anwendung erscheinen die Augenhaare st\u00e4rker, l\u00e4nger und dichter und auf Wimperntusche kann verzichtet werden.<\/p>\t\t\t\t\t\t<\/div>\n\t\t\t\t<\/div>\n\t\t\t\t<div class=\"elementor-element elementor-element-cba2531 elementor-widget elementor-widget-heading\" data-id=\"cba2531\" data-element_type=\"widget\" data-widget_type=\"heading.default\">\n\t\t\t\t<div class=\"elementor-widget-container\">\n\t\t\t<h3 class=\"elementor-heading-title elementor-size-default\">WIE ES FUNKTIONIERT<\/h3>\t\t<\/div>\n\t\t\t\t<\/div>\n\t\t\t\t<div class=\"elementor-element elementor-element-d473cbf elementor-widget elementor-widget-text-editor\" data-id=\"d473cbf\" data-element_type=\"widget\" data-widget_type=\"text-editor.default\">\n\t\t\t\t<div class=\"elementor-widget-container\">\n\t\t\t\t\t\t\t<p>Die innovative Formulierung enth\u00e4lt biomimetische Polypeptide, Provitamin 5 und reine Pflanzenextrakte, welche den Augenwimpern und Brauen effizient verj\u00fcngen und revitalisieren. Durch St\u00e4rkung der Haarwurzel und Verdichtung der Haarfollikel wird das Haarwachstum gef\u00f6rdert.<\/p>\t\t\t\t\t\t<\/div>\n\t\t\t\t<\/div>\n\t\t\t\t<div class=\"elementor-element elementor-element-3807ff1 elementor-widget elementor-widget-jet-button\" data-id=\"3807ff1\" data-element_type=\"widget\" data-widget_type=\"jet-button.default\">\n\t\t\t\t<div class=\"elementor-widget-container\">\n\t\t\t<div class=\"elementor-jet-button jet-elements\"><div class=\"jet-button__container\">\n\t<a class=\"jet-button__instance jet-button__instance--icon- hover-effect-3\" href=\"https:\/\/skintegrite.com\/de\/wp-content\/uploads\/Hair-Serum-de.jpg\">\n\t\t<div class=\"jet-button__plane jet-button__plane-normal\"><\/div>\n\t\t<div class=\"jet-button__plane jet-button__plane-hover\"><\/div>\n\t\t<div class=\"jet-button__state jet-button__state-normal\">\n\t\t\t<span class=\"jet-button__label\">weitere Infos<\/span>\t\t<\/div>\n\t\t<div class=\"jet-button__state jet-button__state-hover\">\n\t\t\t<span class=\"jet-button__label\">weitere Infos<\/span>\t\t<\/div>\n\t<\/a>\n<\/div>\n<\/div>\t\t<\/div>\n\t\t\t\t<\/div>\n\t\t\t\t\t<\/div>\n\t\t<\/div>\n\t\t\t\t<div class=\"elementor-column elementor-col-50 elementor-inner-column elementor-element elementor-element-1ba4c94\" data-id=\"1ba4c94\" data-element_type=\"column\">\n\t\t\t<div class=\"elementor-widget-wrap elementor-element-populated\">\n\t\t\t\t\t\t\t\t<div class=\"elementor-element elementor-element-948c336 elementor-widget elementor-widget-image\" data-id=\"948c336\" data-element_type=\"widget\" data-widget_type=\"image.default\">\n\t\t\t\t<div class=\"elementor-widget-container\">\n\t\t\t\t\t\t\t\t\t\t\t\t\t\t\t\t<a href=\"https:\/\/skintegrite.com\/de\/wp-content\/uploads\/Hair-Serum-de.jpg\">\n\t\t\t\t\t\t\t<img loading=\"lazy\" decoding=\"async\" width=\"700\" height=\"700\" src=\"https:\/\/skintegrite.com\/de\/wp-content\/uploads\/HAIR_Serum_Box-1.png\" class=\"elementor-animation-grow attachment-medium_large size-medium_large wp-image-207\" alt=\"\" srcset=\"https:\/\/skintegrite.com\/de\/wp-content\/uploads\/HAIR_Serum_Box-1.png 700w, https:\/\/skintegrite.com\/de\/wp-content\/uploads\/HAIR_Serum_Box-1-300x300.png 300w, https:\/\/skintegrite.com\/de\/wp-content\/uploads\/HAIR_Serum_Box-1-150x150.png 150w\" sizes=\"auto, (max-width: 700px) 100vw, 700px\" \/>\t\t\t\t\t\t\t\t<\/a>\n\t\t\t\t\t\t\t\t\t\t\t\t\t\t\t<\/div>\n\t\t\t\t<\/div>\n\t\t\t\t\t<\/div>\n\t\t<\/div>\n\t\t\t\t\t\t\t<\/div>\n\t\t<\/section>\n\t\t\t\t<section class=\"elementor-section elementor-inner-section elementor-element elementor-element-8fa5a26 elementor-section-boxed elementor-section-height-default elementor-section-height-default\" data-id=\"8fa5a26\" data-element_type=\"section\" data-settings=\"{&quot;jet_parallax_layout_list&quot;:[]}\">\n\t\t\t\t\t\t<div class=\"elementor-container elementor-column-gap-no\">\n\t\t\t\t\t<div class=\"elementor-column elementor-col-50 elementor-inner-column elementor-element elementor-element-2767c89\" data-id=\"2767c89\" data-element_type=\"column\">\n\t\t\t<div class=\"elementor-widget-wrap elementor-element-populated\">\n\t\t\t\t\t\t\t\t<div class=\"elementor-element elementor-element-4e7c5de elementor-widget elementor-widget-image\" data-id=\"4e7c5de\" data-element_type=\"widget\" data-widget_type=\"image.default\">\n\t\t\t\t<div class=\"elementor-widget-container\">\n\t\t\t\t\t\t\t\t\t\t\t\t\t\t\t\t<a href=\"https:\/\/skintegrite.com\/de\/wp-content\/uploads\/Hair-Foam-de.jpg\">\n\t\t\t\t\t\t\t<img loading=\"lazy\" decoding=\"async\" width=\"700\" height=\"530\" src=\"https:\/\/skintegrite.com\/de\/wp-content\/uploads\/HAIR_FOAM-1.png\" class=\"elementor-animation-grow attachment-medium_large size-medium_large wp-image-209\" alt=\"\" srcset=\"https:\/\/skintegrite.com\/de\/wp-content\/uploads\/HAIR_FOAM-1.png 700w, https:\/\/skintegrite.com\/de\/wp-content\/uploads\/HAIR_FOAM-1-300x227.png 300w\" sizes=\"auto, (max-width: 700px) 100vw, 700px\" \/>\t\t\t\t\t\t\t\t<\/a>\n\t\t\t\t\t\t\t\t\t\t\t\t\t\t\t<\/div>\n\t\t\t\t<\/div>\n\t\t\t\t\t<\/div>\n\t\t<\/div>\n\t\t\t\t<div class=\"elementor-column elementor-col-50 elementor-inner-column elementor-element elementor-element-784b291\" data-id=\"784b291\" data-element_type=\"column\">\n\t\t\t<div class=\"elementor-widget-wrap elementor-element-populated\">\n\t\t\t\t\t\t\t\t<div class=\"elementor-element elementor-element-054287f elementor-widget elementor-widget-image\" data-id=\"054287f\" data-element_type=\"widget\" data-widget_type=\"image.default\">\n\t\t\t\t<div class=\"elementor-widget-container\">\n\t\t\t\t\t\t\t\t\t\t\t\t\t\t\t<img loading=\"lazy\" decoding=\"async\" width=\"556\" height=\"117\" src=\"https:\/\/skintegrite.com\/de\/wp-content\/uploads\/logo-dark2.png\" class=\"attachment-medium_large size-medium_large wp-image-112\" alt=\"\" srcset=\"https:\/\/skintegrite.com\/de\/wp-content\/uploads\/logo-dark2.png 556w, https:\/\/skintegrite.com\/de\/wp-content\/uploads\/logo-dark2-300x63.png 300w\" sizes=\"auto, (max-width: 556px) 100vw, 556px\" \/>\t\t\t\t\t\t\t\t\t\t\t\t\t\t\t<\/div>\n\t\t\t\t<\/div>\n\t\t\t\t<div class=\"elementor-element elementor-element-07e1802 elementor-widget elementor-widget-heading\" data-id=\"07e1802\" data-element_type=\"widget\" data-widget_type=\"heading.default\">\n\t\t\t\t<div class=\"elementor-widget-container\">\n\t\t\t<h1 class=\"elementor-heading-title elementor-size-default\">HAIR<br>\n<div class=\"h1x\">FOAM<\/div><\/h1>\t\t<\/div>\n\t\t\t\t<\/div>\n\t\t\t\t<div class=\"elementor-element elementor-element-c7241d7 elementor-widget elementor-widget-heading\" data-id=\"c7241d7\" data-element_type=\"widget\" data-widget_type=\"heading.default\">\n\t\t\t\t<div class=\"elementor-widget-container\">\n\t\t\t<h2 class=\"elementor-heading-title elementor-size-default\">HAIR REGROWTH &<\/h2>\t\t<\/div>\n\t\t\t\t<\/div>\n\t\t\t\t<div class=\"elementor-element elementor-element-f783ed5 elementor-widget elementor-widget-heading\" data-id=\"f783ed5\" data-element_type=\"widget\" data-widget_type=\"heading.default\">\n\t\t\t\t<div class=\"elementor-widget-container\">\n\t\t\t<h3 class=\"elementor-heading-title elementor-size-default\">ANTI-LOSS FORMULA<\/h3>\t\t<\/div>\n\t\t\t\t<\/div>\n\t\t\t\t<div class=\"elementor-element elementor-element-3c21e71 elementor-widget elementor-widget-text-editor\" data-id=\"3c21e71\" data-element_type=\"widget\" data-widget_type=\"text-editor.default\">\n\t\t\t\t<div class=\"elementor-widget-container\">\n\t\t\t\t\t\t\t<p>Ist ein sehr wirksames Produkt gegen Haarausfall. Es f\u00f6rdert das Wachstum von kr\u00e4ftigem und gesundem Haar.<\/p>\t\t\t\t\t\t<\/div>\n\t\t\t\t<\/div>\n\t\t\t\t<div class=\"elementor-element elementor-element-5fe2f1e elementor-widget elementor-widget-heading\" data-id=\"5fe2f1e\" data-element_type=\"widget\" data-widget_type=\"heading.default\">\n\t\t\t\t<div class=\"elementor-widget-container\">\n\t\t\t<h3 class=\"elementor-heading-title elementor-size-default\">WIE ES FUNKTIONIERT<\/h3>\t\t<\/div>\n\t\t\t\t<\/div>\n\t\t\t\t<div class=\"elementor-element elementor-element-b89d6fa elementor-widget elementor-widget-text-editor\" data-id=\"b89d6fa\" data-element_type=\"widget\" data-widget_type=\"text-editor.default\">\n\t\t\t\t<div class=\"elementor-widget-container\">\n\t\t\t\t\t\t\t<p>Durch die spezifische Kombination von biomimetischem Peptidacetyltetrapeptid-3, Koffein und Zink PCA wird ein 3D Effekt erreicht. Diese neuartige Formulierung wirkt vorbeugend gegen Haarausfall, hilft dem Haar nachzuwachsen und macht das Haar dicker, st\u00e4rker und ges\u00fcnder.<\/p>\t\t\t\t\t\t<\/div>\n\t\t\t\t<\/div>\n\t\t\t\t<div class=\"elementor-element elementor-element-c4c1916 elementor-widget elementor-widget-jet-button\" data-id=\"c4c1916\" data-element_type=\"widget\" data-widget_type=\"jet-button.default\">\n\t\t\t\t<div class=\"elementor-widget-container\">\n\t\t\t<div class=\"elementor-jet-button jet-elements\"><div class=\"jet-button__container\">\n\t<a class=\"jet-button__instance jet-button__instance--icon- hover-effect-3\" href=\"https:\/\/skintegrite.com\/de\/wp-content\/uploads\/Hair-Foam-de.jpg\">\n\t\t<div class=\"jet-button__plane jet-button__plane-normal\"><\/div>\n\t\t<div class=\"jet-button__plane jet-button__plane-hover\"><\/div>\n\t\t<div class=\"jet-button__state jet-button__state-normal\">\n\t\t\t<span class=\"jet-button__label\">weitere Infos<\/span>\t\t<\/div>\n\t\t<div class=\"jet-button__state jet-button__state-hover\">\n\t\t\t<span class=\"jet-button__label\">weitere Infos<\/span>\t\t<\/div>\n\t<\/a>\n<\/div>\n<\/div>\t\t<\/div>\n\t\t\t\t<\/div>\n\t\t\t\t\t<\/div>\n\t\t<\/div>\n\t\t\t\t\t\t\t<\/div>\n\t\t<\/section>\n\t\t\t\t<section class=\"elementor-section elementor-inner-section elementor-element elementor-element-f836189 elementor-reverse-mobile elementor-section-boxed elementor-section-height-default elementor-section-height-default\" data-id=\"f836189\" data-element_type=\"section\" data-settings=\"{&quot;jet_parallax_layout_list&quot;:[]}\">\n\t\t\t\t\t\t<div class=\"elementor-container elementor-column-gap-no\">\n\t\t\t\t\t<div class=\"elementor-column elementor-col-50 elementor-inner-column elementor-element elementor-element-0a065ac\" data-id=\"0a065ac\" data-element_type=\"column\">\n\t\t\t<div class=\"elementor-widget-wrap elementor-element-populated\">\n\t\t\t\t\t\t\t\t<div class=\"elementor-element elementor-element-c5d0c51 elementor-widget elementor-widget-image\" data-id=\"c5d0c51\" data-element_type=\"widget\" data-widget_type=\"image.default\">\n\t\t\t\t<div class=\"elementor-widget-container\">\n\t\t\t\t\t\t\t\t\t\t\t\t\t\t\t<img loading=\"lazy\" decoding=\"async\" width=\"556\" height=\"117\" src=\"https:\/\/skintegrite.com\/de\/wp-content\/uploads\/logo-dark2.png\" class=\"attachment-medium_large size-medium_large wp-image-112\" alt=\"\" srcset=\"https:\/\/skintegrite.com\/de\/wp-content\/uploads\/logo-dark2.png 556w, https:\/\/skintegrite.com\/de\/wp-content\/uploads\/logo-dark2-300x63.png 300w\" sizes=\"auto, (max-width: 556px) 100vw, 556px\" \/>\t\t\t\t\t\t\t\t\t\t\t\t\t\t\t<\/div>\n\t\t\t\t<\/div>\n\t\t\t\t<div class=\"elementor-element elementor-element-81de37b elementor-widget elementor-widget-heading\" data-id=\"81de37b\" data-element_type=\"widget\" data-widget_type=\"heading.default\">\n\t\t\t\t<div class=\"elementor-widget-container\">\n\t\t\t<h1 class=\"elementor-heading-title elementor-size-default\">HAIR<br>\n<div class=\"h1x\">GEL<\/div><\/h1>\t\t<\/div>\n\t\t\t\t<\/div>\n\t\t\t\t<div class=\"elementor-element elementor-element-727d7e5 elementor-widget elementor-widget-heading\" data-id=\"727d7e5\" data-element_type=\"widget\" data-widget_type=\"heading.default\">\n\t\t\t\t<div class=\"elementor-widget-container\">\n\t\t\t<h3 class=\"elementor-heading-title elementor-size-default\">STYLING TONIC<\/h3>\t\t<\/div>\n\t\t\t\t<\/div>\n\t\t\t\t<div class=\"elementor-element elementor-element-fe789a5 elementor-widget elementor-widget-text-editor\" data-id=\"fe789a5\" data-element_type=\"widget\" data-widget_type=\"text-editor.default\">\n\t\t\t\t<div class=\"elementor-widget-container\">\n\t\t\t\t\t\t\t<p>Es ist ein innovatives Styling-Gel mit nur nat\u00fcrlichen Bestandteilen und frei von sch\u00e4dlichen mikroplastischen Polymeren, die nicht nur das Haar straffen, sondern auch die Haarfollikel n\u00e4hren.<\/p><p>Es ist f\u00fcr den professionellen und privaten und f\u00fcr jeden Haartyp geeignet.<\/p><p>Es wird empfohlen, SKINT\u00c9GRIT\u00c9\u00ae HAIR GEL zusammen mit SKINT\u00c9GRIT\u00c9\u00ae HAIR FOAM REGROWTH &amp; ANTI-LOSS FORMULA zu verwenden, um maximalen Schutz gegen Haarausfall zu erhalten und das Haarwachstum zu f\u00f6rdern.<\/p>\t\t\t\t\t\t<\/div>\n\t\t\t\t<\/div>\n\t\t\t\t<div class=\"elementor-element elementor-element-74796da elementor-widget elementor-widget-heading\" data-id=\"74796da\" data-element_type=\"widget\" data-widget_type=\"heading.default\">\n\t\t\t\t<div class=\"elementor-widget-container\">\n\t\t\t<h3 class=\"elementor-heading-title elementor-size-default\">WIE ES FUNKTIONIERT<\/h3>\t\t<\/div>\n\t\t\t\t<\/div>\n\t\t\t\t<div class=\"elementor-element elementor-element-f358bf7 elementor-widget elementor-widget-text-editor\" data-id=\"f358bf7\" data-element_type=\"widget\" data-widget_type=\"text-editor.default\">\n\t\t\t\t<div class=\"elementor-widget-container\">\n\t\t\t\t\t\t\t<p>Ein 3D-Effekt, der ein st\u00e4rkeres und ges\u00fcnderes Haar f\u00f6rdert, wird durch die integrierte Kombination des biomimetischen Peptids Acetyltetrapeptid-3, Koffein und eines nat\u00fcrlichen biologisch abbaubaren Polymers erreicht. Diese intelligente Formel wirkt gegen Haarausfall, schlie\u00dft Haarsch\u00e4den durch synthetische und schwere Fixiermaterialien aus, die in herk\u00f6mmlichen Styling-Gelen verwendet werden, und ist sowohl f\u00fcr Benutzer als auch f\u00fcr die Umwelt sicher.<\/p>\t\t\t\t\t\t<\/div>\n\t\t\t\t<\/div>\n\t\t\t\t<div class=\"elementor-element elementor-element-6033e82 elementor-widget elementor-widget-jet-button\" data-id=\"6033e82\" data-element_type=\"widget\" data-widget_type=\"jet-button.default\">\n\t\t\t\t<div class=\"elementor-widget-container\">\n\t\t\t<div class=\"elementor-jet-button jet-elements\"><div class=\"jet-button__container\">\n\t<a class=\"jet-button__instance jet-button__instance--icon- hover-effect-3\" href=\"https:\/\/skintegrite.com\/de\/wp-content\/uploads\/Hair-Gel-de.jpg\">\n\t\t<div class=\"jet-button__plane jet-button__plane-normal\"><\/div>\n\t\t<div class=\"jet-button__plane jet-button__plane-hover\"><\/div>\n\t\t<div class=\"jet-button__state jet-button__state-normal\">\n\t\t\t<span class=\"jet-button__label\">weitere Infos<\/span>\t\t<\/div>\n\t\t<div class=\"jet-button__state jet-button__state-hover\">\n\t\t\t<span class=\"jet-button__label\">weitere Infos<\/span>\t\t<\/div>\n\t<\/a>\n<\/div>\n<\/div>\t\t<\/div>\n\t\t\t\t<\/div>\n\t\t\t\t\t<\/div>\n\t\t<\/div>\n\t\t\t\t<div class=\"elementor-column elementor-col-50 elementor-inner-column elementor-element elementor-element-0e47ebe\" data-id=\"0e47ebe\" data-element_type=\"column\">\n\t\t\t<div class=\"elementor-widget-wrap elementor-element-populated\">\n\t\t\t\t\t\t\t\t<div class=\"elementor-element elementor-element-13942a0 elementor-widget elementor-widget-image\" data-id=\"13942a0\" data-element_type=\"widget\" data-widget_type=\"image.default\">\n\t\t\t\t<div class=\"elementor-widget-container\">\n\t\t\t\t\t\t\t\t\t\t\t\t\t\t\t\t<a href=\"https:\/\/skintegrite.com\/de\/wp-content\/uploads\/Hair-Gel-de.jpg\">\n\t\t\t\t\t\t\t<img loading=\"lazy\" decoding=\"async\" width=\"700\" height=\"700\" src=\"https:\/\/skintegrite.com\/de\/wp-content\/uploads\/HAIR_GEL_Box-2.png\" class=\"elementor-animation-grow attachment-medium_large size-medium_large wp-image-210\" alt=\"\" srcset=\"https:\/\/skintegrite.com\/de\/wp-content\/uploads\/HAIR_GEL_Box-2.png 700w, https:\/\/skintegrite.com\/de\/wp-content\/uploads\/HAIR_GEL_Box-2-300x300.png 300w, https:\/\/skintegrite.com\/de\/wp-content\/uploads\/HAIR_GEL_Box-2-150x150.png 150w\" sizes=\"auto, (max-width: 700px) 100vw, 700px\" \/>\t\t\t\t\t\t\t\t<\/a>\n\t\t\t\t\t\t\t\t\t\t\t\t\t\t\t<\/div>\n\t\t\t\t<\/div>\n\t\t\t\t\t<\/div>\n\t\t<\/div>\n\t\t\t\t\t\t\t<\/div>\n\t\t<\/section>\n\t\t\t\t\t<\/div>\n\t\t<\/div>\n\t\t\t\t\t\t\t<\/div>\n\t\t<\/section>\n\t\t\t\t\t\t\t<\/div>\n\t\t","protected":false},"excerpt":{"rendered":"<p>HAIR HAIR SERUM EYELASH &#038; BROW TONIC Ist ein sehr wirkungsvolles Produkt, welches das Wachstum von Wimpern und Augenbrauen f\u00f6rdert. Es verleiht den Augenwimpern und Brauen St\u00e4rke, L\u00e4nge und Volumen. Das Serum ist Prostaglandinfrei, Hormonfrei, Parabenfrei und nicht reizend. Nach wenigen Wochen der Anwendung erscheinen die Augenhaare st\u00e4rker, l\u00e4nger und dichter und auf Wimperntusche kann [&hellip;]<\/p>\n","protected":false},"author":1,"featured_media":0,"parent":0,"menu_order":0,"comment_status":"closed","ping_status":"closed","template":"","meta":{"footnotes":""},"class_list":["post-35","page","type-page","status-publish","hentry"],"_links":{"self":[{"href":"https:\/\/skintegrite.com\/de\/wp-json\/wp\/v2\/pages\/35","targetHints":{"allow":["GET"]}}],"collection":[{"href":"https:\/\/skintegrite.com\/de\/wp-json\/wp\/v2\/pages"}],"about":[{"href":"https:\/\/skintegrite.com\/de\/wp-json\/wp\/v2\/types\/page"}],"author":[{"embeddable":true,"href":"https:\/\/skintegrite.com\/de\/wp-json\/wp\/v2\/users\/1"}],"replies":[{"embeddable":true,"href":"https:\/\/skintegrite.com\/de\/wp-json\/wp\/v2\/comments?post=35"}],"version-history":[{"count":0,"href":"https:\/\/skintegrite.com\/de\/wp-json\/wp\/v2\/pages\/35\/revisions"}],"wp:attachment":[{"href":"https:\/\/skintegrite.com\/de\/wp-json\/wp\/v2\/media?parent=35"}],"curies":[{"name":"wp","href":"https:\/\/api.w.org\/{rel}","templated":true}]}}